{"id":90,"date":"2016-11-14T18:52:34","date_gmt":"2016-11-14T17:52:34","guid":{"rendered":"http:\/\/192.168.251.20\/?page_id=90"},"modified":"2022-11-01T17:37:05","modified_gmt":"2022-11-01T16:37:05","slug":"mentions-legales","status":"publish","type":"page","link":"https:\/\/www.moneo.com\/?page_id=90","title":{"rendered":"MENTIONS L\u00c9GALES"},"content":{"rendered":"<hr \/>\n<p>Le site est \u00e9dit\u00e9 par Moneo Payment Solutions, soci\u00e9t\u00e9 par actions simplifi\u00e9e au capital de 500 000 \u20ac immatricul\u00e9e au RCS de Paris sous le n\u00b0 435 164 280 dont le si\u00e8ge social est 2 Place Rio de Janeiro, 75008 Paris.<\/p>\n<p>N\u00b0 TVA Intracommunautaire : FR 19 435 164 280<\/p>\n<p>Directeur de la publication : Serge RAGOZIN<\/p>\n<p>Le site est h\u00e9berg\u00e9 par<span style=\"color: #1e73be;\"> <a style=\"color: #1e73be;\" href=\"https:\/\/www.vnode.fr\">VNODE<\/a><\/span>, soci\u00e9t\u00e9 par actions simplifi\u00e9e au capital de 10 000,00 Euros, immatricul\u00e9e au Registre du Commerce et des Soci\u00e9t\u00e9s de Nanterre sous le num\u00e9ro RCS NANTERRE B 827 742 255.<\/p>\n<p>Coordonn\u00e9es : VNODE, 61 rue des Alouettes, 92000 NANTERRE<\/p>\n<p>En application de la loi N\u00b0 2004-801 du 6 ao\u00fbt 2004, qui a modifi\u00e9 la loi N\u00b0 78-17 du 6 janvier 1978 relative \u00e0 \u00ab\u00a0l\u2019Informatique, aux fichiers et aux Libert\u00e9s\u00a0\u00bb et de son d\u00e9cret d\u2019application N\u00b0 2005-1309 du 20 octobre 2005, Moneo Payment Solutions a nomm\u00e9 un Correspondant Informatique et Libert\u00e9s (CIL) aupr\u00e8s de la Commission Nationale de l\u2019Informatique et des Libert\u00e9s (la \u00ab CNIL \u00bb). Ce Correspondant Informatique et Libert\u00e9 tient une liste de tous les traitements contenant des donn\u00e9es personnelles \u00e0 l\u2019intention de la CNIL. En application de la loi N\u00b0 2004-801 du 6 ao\u00fbt 2004 pr\u00e9cit\u00e9e, toute personne b\u00e9n\u00e9ficie d\u2019un droit d\u2019acc\u00e8s et de modification, voire de suppression des donn\u00e9es personnelles le concernant. Ces droits peuvent \u00eatre exerc\u00e9s aupr\u00e8s de l\u2019adresse suivante :<\/p>\n<p>Moneo Payment Solutions<br \/>\nA l\u2019attention du DPO<br \/>\n2 Place Rio de Janeiro, 75008 Paris<\/p>\n<p>En compl\u00e9ment de ces mentions l\u00e9gales, sont disponibles les Conditions G\u00e9n\u00e9rales d&rsquo;Utilisation et la politique de confidentialit\u00e9 que les utilisateurs peuvent consulter aux adresses ci-apr\u00e8s :<\/p>\n<ul>\n<li><span style=\"color: #1e73be;\"><a style=\"color: #1e73be;\" href=\"https:\/\/www.moneo.com\/?page_id=693\"><span id=\"span_id_url_cgu\">Conditions G\u00e9n\u00e9rales d\u2019Utilisation de la carte MONEO (CGU MONEO)<\/span><\/a><\/span><\/li>\n<li><span style=\"color: #1e73be;\"><a style=\"color: #1e73be;\" href=\"\/?page_id=467\">Politique de confidentialit\u00e9 du site MONEO<\/a><\/span><\/li>\n<\/ul>\n","protected":false},"excerpt":{"rendered":"<p>Le site est \u00e9dit\u00e9 par Moneo Payment Solutions, soci\u00e9t\u00e9 par actions simplifi\u00e9e au capital de 500 000 \u20ac immatricul\u00e9e au RCS de Paris sous le n\u00b0 435 164 280 dont le si\u00e8ge social est 2 Place Rio de Janeiro, 75008 Paris. N\u00b0 TVA Intracommunautaire : FR 19 435 164 280 Directeur de la publication : [&hellip;]<\/p>\n","protected":false},"author":1,"featured_media":0,"parent":0,"menu_order":0,"comment_status":"closed","ping_status":"closed","template":"templates\/template-full.php","meta":{"footnotes":""},"class_list":["post-90","page","type-page","status-publish","hentry","post"],"_links":{"self":[{"href":"https:\/\/www.moneo.com\/index.php?rest_route=\/wp\/v2\/pages\/90","targetHints":{"allow":["GET"]}}],"collection":[{"href":"https:\/\/www.moneo.com\/index.php?rest_route=\/wp\/v2\/pages"}],"about":[{"href":"https:\/\/www.moneo.com\/index.php?rest_route=\/wp\/v2\/types\/page"}],"author":[{"embeddable":true,"href":"https:\/\/www.moneo.com\/index.php?rest_route=\/wp\/v2\/users\/1"}],"replies":[{"embeddable":true,"href":"https:\/\/www.moneo.com\/index.php?rest_route=%2Fwp%2Fv2%2Fcomments&post=90"}],"version-history":[{"count":24,"href":"https:\/\/www.moneo.com\/index.php?rest_route=\/wp\/v2\/pages\/90\/revisions"}],"predecessor-version":[{"id":37643,"href":"https:\/\/www.moneo.com\/index.php?rest_route=\/wp\/v2\/pages\/90\/revisions\/37643"}],"wp:attachment":[{"href":"https:\/\/www.moneo.com\/index.php?rest_route=%2Fwp%2Fv2%2Fmedia&parent=90"}],"curies":[{"name":"wp","href":"https:\/\/api.w.org\/{rel}","templated":true}]}}