{"id":693,"date":"2020-01-10T10:08:50","date_gmt":"2020-01-10T09:08:50","guid":{"rendered":"https:\/\/www.moneo.com\/?page_id=693"},"modified":"2022-06-08T14:17:27","modified_gmt":"2022-06-08T12:17:27","slug":"cgu-moneo","status":"publish","type":"page","link":"https:\/\/www.moneo.com\/?page_id=693","title":{"rendered":"CGU PME MONEO"},"content":{"rendered":"<div id=\"pl-gb693-69df6dffb246a\"  class=\"panel-layout\" ><div id=\"pg-gb693-69df6dffb246a-0\"  class=\"panel-grid panel-no-style\" ><div id=\"pgc-gb693-69df6dffb246a-0-0\"  class=\"panel-grid-cell\" ><div id=\"panel-gb693-69df6dffb246a-0-0-0\" class=\"so-panel widget widget_sow-editor panel-first-child panel-last-child\" data-index=\"0\" ><div\n\t\t\t\n\t\t\tclass=\"so-widget-sow-editor so-widget-sow-editor-base\"\n\t\t\t\n\t\t>\n<div class=\"siteorigin-widget-tinymce textwidget\">\n\t<h2><span style=\"color: #1e73be;\">CONDITIONS G\u00c9N\u00c9RALES D\u2019UTILISATION DU PORTE-MONNAIE \u00c9LECTRONIQUE MONEO<\/span><\/h2>\n<hr \/>\n<h3><span style=\"color: #1e73be;\">1) Objet du Porte-Monnaie Electronique MONEO<\/span><\/h3>\n<p>&nbsp;<\/p>\n<p>Le Porte-Monnaie Electronique Moneo, ci-apr\u00e8s d\u00e9sign\u00e9 Moneo, permet \u00e0 son utilisateur d\u2019effectuer des paiements de faibles montants. C&rsquo;est un instrument de paiement, d\u00e9livr\u00e9 par un \u00e9tablissement d\u00fbment habilit\u00e9 \u00e0 fournir des services de paiement et identifi\u00e9 par son nom et\/ou son logo (d\u00e9sign\u00e9 ci-apr\u00e8s \u00ab l\u2019Emetteur de Moneo \u00bb).<\/p>\n<p>Ce Moneo n\u2019est pas reli\u00e9 \u00e0 un compte. Pour \u00eatre utilis\u00e9 en paiement, Moneo doit \u00eatre charg\u00e9 en monnaie \u00e9lectronique.<\/p>\n<p>La monnaie \u00e9lectronique est compos\u00e9e d\u2019unit\u00e9s de valeur, dites unit\u00e9s de monnaie \u00e9lectronique. Chacune constitue un titre de cr\u00e9ance incorpor\u00e9 dans un instrument \u00e9lectronique et accept\u00e9 comme instrument<br \/>\nde paiement par des tiers autres que l\u2019Emetteur. La monnaie \u00e9lectronique est \u00e9mise contre la remise de fonds. Elle ne peut \u00eatre \u00e9mise pour une valeur sup\u00e9rieure \u00e0 celle des fonds re\u00e7us en contrepartie.<\/p>\n<p>La monnaie \u00e9lectronique de Moneo est \u00e9mise par la Soci\u00e9t\u00e9 Financi\u00e8re du Porte-Monnaie \u00c9lectronique Interbancaire SFPMEI, \u00e9tablissement de monnaie \u00e9lectronique (Code \u00e9tablissement 14378) dont le si\u00e8ge social est situ\u00e9 2 PLACE RIO DE JANEIRO 75008 PARIS, immatricul\u00e9 au registre du commerce et des soci\u00e9t\u00e9s de Paris sous le num\u00e9ro 422 721 274 et agr\u00e9\u00e9 en date du 12 octobre 2015 par l\u2019Autorit\u00e9 de Contr\u00f4le Prudentiel et de R\u00e9solution (ACPR) \u00e9tablie au 4, PLACE DE BUDAPEST CS 92459 75436 PARIS CEDEX 09 (t\u00e9l 01 49 95 40 00), ci-apr\u00e8s d\u00e9nomm\u00e9 le \u00ab L\u2019Emetteur \u00bb.<\/p>\n<p>&nbsp;<\/p>\n<h3><span style=\"color: #1e73be;\">2) Modalit\u00e9s d\u2019acceptation du contrat<\/span><\/h3>\n<p>&nbsp;<\/p>\n<p>Le premier chargement de Moneo mat\u00e9rialise votre acceptation des conditions g\u00e9n\u00e9rales d\u2019utilisation.<\/p>\n<p>&nbsp;<\/p>\n<h3><span style=\"color: #1e73be;\">3) Paiement avec Moneo<\/span><\/h3>\n<p>&nbsp;<\/p>\n<p>Moneo est accept\u00e9 pour le paiement d\u2019achats de biens ou de prestations de service (localement ou \u00e0 distance) exclusivement aupr\u00e8s des commerces, collectivit\u00e9s, \u00e9tablissements publics, prestataires de services adh\u00e9rents au syst\u00e8me Moneo (\u00ab Accepteurs \u00bb) ainsi que sur les automates (notamment, cabines t\u00e9l\u00e9phoniques, horodateurs, caisses automatiques de parkings, transport, distributeurs de boissons, de confiseries, \u2026) affichant le logo Moneo, conform\u00e9ment aux r\u00e8gles de fonctionnement du syst\u00e8me Moneo.<\/p>\n<p>L\u2019utilisateur de Moneo et l\u2019Emetteur conviennent que l\u2019utilisateur donne son consentement \u00e0 l\u2019op\u00e9ration de paiement soit en validant le montant de la transaction affich\u00e9, soit en ins\u00e9rant ou en pr\u00e9sentant son Moneo et\/ou en s\u00e9lectionnant le bien ou le service achet\u00e9.<\/p>\n<p>Le paiement Moneo ne n\u00e9cessite pas la composition du code confidentiel.<\/p>\n<p>D\u00e8s que le consentement de l\u2019utilisateur de Moneo a \u00e9t\u00e9 donn\u00e9 sous l\u2019une des formes d\u00e9finies ci-dessus, l\u2019op\u00e9ration de paiement est r\u00e9put\u00e9e \u00ab autoris\u00e9e \u00bb par l\u2019utilisateur. D\u00e8s ce moment, l\u2019ordre de paiement est irr\u00e9vocable et non contestable.<\/p>\n<p>Le montant est imm\u00e9diatement soustrait du contenu en monnaie \u00e9lectronique de Moneo. Un paiement Moneo est possible jusqu&rsquo;\u00e0 30 euros, sous r\u00e9serve des conditions et proc\u00e9dures en vigueur chez l\u2019Accepteur.<\/p>\n<p>&nbsp;<\/p>\n<h3><span style=\"color: #1e73be;\">4) Consultation des fonds stock\u00e9s (le solde) et des op\u00e9rations<\/span><\/h3>\n<p>&nbsp;<\/p>\n<p>Le montant des fonds stock\u00e9s dans Moneo en monnaie \u00e9lectronique ainsi que les derniers chargements et les derniers paiements effectu\u00e9s peuvent \u00eatre consult\u00e9s sur les \u00e9quipements \u00e9lectroniques de chargement Moneo de m\u00eame qu&rsquo;\u00e0 l&rsquo;aide d&rsquo;un lecteur individuel pr\u00e9vu \u00e0 cet effet.<\/p>\n<p>&nbsp;<\/p>\n<h3><span style=\"color: #1e73be;\">5) Chargement de Moneo<\/span><\/h3>\n<p>&nbsp;<\/p>\n<p>Le contenu de Moneo en monnaie \u00e9lectronique est de 100 euros maximum.<\/p>\n<p>Moneo est rechargeable en monnaie \u00e9lectronique soit \u00e0 l&rsquo;aide d&rsquo;une carte bancaire autoris\u00e9e \u00e0 recharger Moneo et \u00e9mise par les \u00e9tablissements adh\u00e9rents du syst\u00e8me Moneo, soit avec une recharge Moneo, sur les \u00e9quipements \u00e9lectroniques de chargement affichant le logo Moneo.<\/p>\n<p>Optionnel : Moneo peut aussi \u00eatre recharg\u00e9 contre remise d\u2019esp\u00e8ces. Ce mode de chargement ne se pratique que dans les agences de la Banque \u00e9mettrice de Moneo. Dans certains cas, la Banque peut \u00eatre amen\u00e9e \u00e0 relever l&rsquo;identit\u00e9 du porteur.<\/p>\n<p>&nbsp;<\/p>\n<h3><span style=\"color: #1e73be;\">6) Remboursement de la monnaie \u00e9lectronique non utilis\u00e9e<\/span><\/h3>\n<p>&nbsp;<\/p>\n<p>L\u2019utilisateur de Moneo peut obtenir le remboursement de la monnaie \u00e9lectronique non utilis\u00e9e, \u00e0 tout moment.<br \/>\nLa monnaie \u00e9lectronique contenue dans un Moneo perdu ou vol\u00e9 n&rsquo;est pas rembours\u00e9e.<\/p>\n<p><strong>Le service de remboursement ne sera plus assur\u00e9 \u00e0 partir du 16 ao\u00fbt 2022.<\/strong><\/p>\n<h4><span style=\"color: #1e73be;\">Article 6.1 : Demande de remboursement effectu\u00e9e avant la fin du d\u00e9lai d\u2019un an et un jour suivant l\u2019expiration du support<\/span><\/h4>\n<p>&nbsp;<\/p>\n<p>Ce remboursement peut \u00eatre port\u00e9 au cr\u00e9dit d\u2019un compte sur pr\u00e9sentation de Moneo aupr\u00e8s de l\u2019Emetteur de Moneo ou, \u00e0 d\u00e9faut, aupr\u00e8s de la Soci\u00e9t\u00e9 Financi\u00e8re du Porte-Monnaie Electronique Interbancaire SFPMEI.<\/p>\n<p>Remboursement sur dispositifs automatiques :<\/p>\n<p>Le remboursement peut \u00e9galement \u00eatre effectu\u00e9 \u00e0 l\u2019aide d\u2019une carte CB sur tout dispositif affichant le logo Moneo et proposant ce service.<\/p>\n<p>A l\u2019expiration du support, l\u2019utilisateur peut, dans le d\u00e9lai d&rsquo;un an et un jour suivant cette expiration, demander le remboursement du solde de son Moneo directement \u00e0 l\u2019aide du support expir\u00e9 sur les dispositifs automatiques.<\/p>\n<p>Ce remboursement dit \u00ab automatis\u00e9 \u00bb ne donne lieu \u00e0 l\u2019application d\u2019aucun frais.<\/p>\n<p>&nbsp;<\/p>\n<h4><span style=\"color: #1e73be;\">Article 6.2 : Demande de remboursement effectu\u00e9e plus d\u2019un an et un jour apr\u00e8s l\u2019expiration du support, remboursement sur dossier<\/span><\/h4>\n<p>&nbsp;<\/p>\n<p>A l\u2019\u00e9coulement de la p\u00e9riode d\u2019un an et un jour suivant l\u2019expiration du support, le remboursement sur dispositifs automatiques n\u2019est plus possible.<\/p>\n<p>Ainsi toute demande de remboursement du solde restant sur Moneo donnera lieu \u00e0 ouverture d\u2019un dossier de demande de remboursement.<\/p>\n<p>Pour plus d\u2019informations, connectez-vous au <a href=\"https:\/\/www.moneo.com\/remboursement\/IDROP.html\">formulaire<\/a> muni de votre carte expir\u00e9e ainsi que de votre Relev\u00e9 d\u2019Identit\u00e9 Bancaire.<\/p>\n<p>&nbsp;<\/p>\n<p>La cin\u00e9matique de remboursement est la suivante :<\/p>\n<p>&nbsp;<\/p>\n<ul>\n<li>Saisir la demande de remboursement sur le site via le <a href=\"https:\/\/www.moneo.com\/remboursement\/IDROP.html\">formulaire<\/a> d\u00e9di\u00e9,<\/li>\n<\/ul>\n<p>ou<\/p>\n<ul>\n<li>Envoyer par courrier les \u00e9l\u00e9ments suivants :\n<ul>\n<li>Le formulaire de demande de remboursement d\u00fbment sign\u00e9,<\/li>\n<li>La carte Moneo pour laquelle l\u2019utilisateur demande le remboursement,<\/li>\n<li>Un Relev\u00e9 d\u00b4Identit\u00e9 Bancaire du compte \u00e0 cr\u00e9diter.<\/li>\n<\/ul>\n<\/li>\n<\/ul>\n<p>&nbsp;<\/p>\n<p>Seuls les dossiers complets seront trait\u00e9s. L\u00b4Utilisateur re\u00e7oit, sur l\u2019adresse mail renseign\u00e9e dans le formulaire, un mail d\u2019accus\u00e9 r\u00e9ception avec un num\u00e9ro de dossier.<\/p>\n<p>Le remboursement est effectu\u00e9 par l\u2019Emetteur dans un d\u00e9lai maximal de 45 jours \u00e0 compter de la r\u00e9ception de la demande de remboursement d\u00fbment compl\u00e9t\u00e9e.<\/p>\n<p>Chaque Utilisateur s\u00b4engage \u00e0 fournir \u00e0 Moneo Payment Solutions des renseignements exacts sur son identit\u00e9.<\/p>\n<p>&nbsp;<\/p>\n<h4><span style=\"color: #1e73be;\">Article 6.3 : Remboursement en pi\u00e8ces et billets<\/span><\/h4>\n<p>&nbsp;<\/p>\n<p>Conform\u00e9ment \u00e0 la r\u00e9glementation, l\u2019utilisateur de Moneo peut demander le remboursement de la monnaie<br \/>\n\u00e9lectronique en pi\u00e8ces et\/ou billets.<\/p>\n<p>L\u2019utilisateur accepte express\u00e9ment que le remboursement en pi\u00e8ces et billets s\u2019effectue par transmission de fond au moyen d\u2019un Mandat Postal.<\/p>\n<p>Les frais inh\u00e9rents \u00e0 cette op\u00e9ration sont \u00e0 la charge exclusive du demandeur.<\/p>\n<p>&nbsp;<\/p>\n<h3><span style=\"color: #1e73be;\">7) Conditions tarifaires<\/span><\/h3>\n<p>&nbsp;<\/p>\n<p>Des frais de conservation et de gestion des informations seront appliqu\u00e9s, annuellement \u00e0 compter de l\u2019expiration de la p\u00e9riode d\u2019un an et un jour suivant l\u2019expiration du support, \u00e0 l\u2019encours de monnaie \u00e9lectronique correspondant au solde r\u00e9siduel de monnaie \u00e9lectronique restant sur son Moneo jusqu&rsquo;\u00e0 ce que l\u2019utilisateur en demande le remboursement ou que ce solde soit r\u00e9duit \u00e0 z\u00e9ro.<\/p>\n<p>Le remboursement du solde disponible sera effectu\u00e9 \u00e0 la valeur nominale des unit\u00e9s de monnaie \u00e9lectronique apr\u00e8s d\u00e9duction des frais de traitement de dossier et des frais de conservation et de gestion des informations.<\/p>\n<p>L\u2019utilisateur consent \u00e0 ce que le r\u00e8glement des frais de conservation et de gestion des informations s\u2019effectue par compensation entre le montant des frais exigibles et l\u2019encours de monnaie \u00e9lectronique correspondant au solde r\u00e9siduel de monnaie \u00e9lectronique restant sur son Moneo.<\/p>\n<p>Ces dispositions s\u2019appliquent \u00e0 tous les Moneo expir\u00e9s.<\/p>\n<p>Frais de conservation et de gestion des informations : montant forfaitaire de 2.05 \u20ac TTC par an \u00e0 partir du 1<span style=\"font-size: 8pt;\">er<\/span> janvier 2022.<\/p>\n<p>Ces frais s\u2019appliquent en une fois globalement, sans prorata temporis, au titre de chaque ann\u00e9e.<\/p>\n<p>&nbsp;<\/p>\n<h3><span style=\"color: #1e73be;\">8) Responsabilit\u00e9 de l\u2019Emetteur<\/span><\/h3>\n<p>&nbsp;<\/p>\n<p>Lorsque l\u2019utilisateur de Moneo nie avoir donn\u00e9 son consentement pour r\u00e9aliser une op\u00e9ration de paiement, il appartient \u00e0 l\u2019Emetteur d\u2019apporter par tous moyens les preuves que l\u2019op\u00e9ration de paiement a \u00e9t\u00e9 initi\u00e9e par l\u2019utilisateur de Moneo et ex\u00e9cut\u00e9e en respectant l\u2019\u00e9tat de l\u2019art.<\/p>\n<p>&nbsp;<\/p>\n<h3><span style=\"color: #1e73be;\">9) Dur\u00e9e de validit\u00e9 de Moneo<\/span><\/h3>\n<p>&nbsp;<\/p>\n<p>Moneo est valide jusqu\u2019\u00e0 la date imprim\u00e9e sur le support ou pour certains types de Moneo.<\/p>\n<p>Au-del\u00e0 de cette date, l\u2019utilisateur de Moneo peut utiliser Moneo en paiement pendant 6 mois ou demander le remboursement de la monnaie \u00e9lectronique non utilis\u00e9e, dans les conditions et dans le d\u00e9lai de l\u2019article 6 \u00abRemboursement de la monnaie \u00e9lectronique non utilis\u00e9e \u00bb.<\/p>\n<p>Chaque support Moneo est consid\u00e9r\u00e9 comme r\u00e9gi par un contrat sp\u00e9cifique (les CGU faisant foi de ce contrat) dont la dur\u00e9e expire \u00e0 la fin de validit\u00e9 du support, sans pr\u00e9judice des dispositions sp\u00e9cifiques au remboursement.<\/p>\n<p>&nbsp;<\/p>\n<h3><span style=\"color: #1e73be;\">10) Modifications des conditions g\u00e9n\u00e9rales d\u2019utilisation Moneo Anonyme<\/span><\/h3>\n<p>&nbsp;<\/p>\n<p>L\u2019Emetteur se r\u00e9serve le droit d\u2019apporter des modifications \u00e0 ces conditions qui seront retranscrites dans les conditions g\u00e9n\u00e9rales d\u2019utilisation Moneo Anonyme accessibles sur le site www.moneo.com.<\/p>\n<p>L\u2019absence de contestation notifi\u00e9e par l\u2019utilisateur de Moneo avant l\u2019expiration d\u2019un d\u00e9lai de deux mois \u00e0 compter de l\u2019introduction des modifications vaut acceptation de ces modifications. Dans le cas o\u00f9 l\u2019utilisateur de Moneo n\u2019accepte pas les modifications, il a le droit de r\u00e9silier imm\u00e9diatement son contrat.<\/p>\n<p>&nbsp;<\/p>\n<h3><span style=\"color: #1e73be;\">11) Donn\u00e9es personnelles<\/span><\/h3>\n<p>&nbsp;<\/p>\n<p>Les informations recueillies par la soci\u00e9t\u00e9 MPS dans le cadre de l\u2019ex\u00e9cution des pr\u00e9sentes et notamment, les donn\u00e9es \u00e0 caract\u00e8re personnel concernant le d\u00e9tenteur d\u2019une carte Moneo demandant le remboursement, font l\u2019objet de traitements (automatis\u00e9s ou non) dont MPS est responsable.<\/p>\n<p>Conform\u00e9ment \u00e0 la loi n\u00b078-17 dite \u00ab informatique et libert\u00e9s \u00bb du 6 janvier 1978 telle que modifi\u00e9e, le B\u00e9n\u00e9ficiaire dispose d\u2019un droit d\u2019acc\u00e8s et de rectification des donn\u00e9es qui le concerne, ainsi que d\u2019un droit<br \/>\nd\u2019opposition, pour motifs l\u00e9gitimes.<\/p>\n<p>&nbsp;<\/p>\n<h3><span style=\"color: #1e73be;\">12) Droit applicable et juridiction comp\u00e9tente<\/span><\/h3>\n<p>&nbsp;<\/p>\n<p>Les pr\u00e9sentes Conditions G\u00e9n\u00e9rales d\u2019Utilisation sont soumises \u00e0 la loi fran\u00e7aise. La langue des pr\u00e9sentes Conditions G\u00e9n\u00e9rales est la langue fran\u00e7aise.<\/p>\n<p>En cas de diff\u00e9rend, une solution amiable sera recherch\u00e9e avant toute action judiciaire. Le Partenaire bancaire \u00e9tant adh\u00e9rent \u00e0 l\u2019Association des Soci\u00e9t\u00e9s Financi\u00e8res, le m\u00e9diateur comp\u00e9tent peut \u00eatre saisi par courrier \u00e0 l\u2019adresse suivante : M. le M\u00e9diateur de l\u2019ASF 75854 Paris Cedex 17.<\/p>\n<p>A d\u00e9faut, tout diff\u00e9rend relatif \u00e0 la conclusion, la validit\u00e9, l\u2019interpr\u00e9tation ou \u00e0 l\u2019ex\u00e9cution de ces conditions rel\u00e8vera de la comp\u00e9tence exclusive des tribunaux fran\u00e7ais du ressort du tribunal d\u2019instance de Paris.<\/p>\n<p>&nbsp;<\/p>\n<hr \/>\n<p>&nbsp;<\/p>\n<p>Les \u00e9changes par courrier sont \u00e0 adresser \u00e0 :<\/p>\n<p>Soci\u00e9t\u00e9 Financi\u00e8re du Porte-Monnaie \u00c9lectronique Interbancaire<br \/>\n2 PLACE RIO DE JANEIRO 75008 PARIS\u00a0 \u2013 France<br \/>\nSASu au capital de 3.732.089 euros. RCS 422 721 274 Paris<\/p>\n<p>&nbsp;<\/p>\n<p><span style=\"font-size: 8pt;\"><em>Derni\u00e8re date de modification : 08\/06\/2022<\/em><\/span><\/p>\n<\/div>\n<\/div><\/div><\/div><\/div><\/div>","protected":false},"excerpt":{"rendered":"<p>CONDITIONS G\u00c9N\u00c9RALES D\u2019UTILISATION DU PORTE-MONNAIE \u00c9LECTRONIQUE MONEO 1) Objet du Porte-Monnaie Electronique MONEO &nbsp; Le Porte-Monnaie Electronique Moneo, ci-apr\u00e8s d\u00e9sign\u00e9 Moneo, permet \u00e0 son utilisateur d\u2019effectuer des paiements de faibles montants. C&rsquo;est un instrument de paiement, d\u00e9livr\u00e9 par un \u00e9tablissement d\u00fbment habilit\u00e9 \u00e0 fournir des services de paiement et identifi\u00e9 par son nom et\/ou son [&hellip;]<\/p>\n","protected":false},"author":1,"featured_media":0,"parent":0,"menu_order":0,"comment_status":"closed","ping_status":"closed","template":"templates\/template-full-notitle.php","meta":{"footnotes":""},"class_list":["post-693","page","type-page","status-publish","hentry","post"],"_links":{"self":[{"href":"https:\/\/www.moneo.com\/index.php?rest_route=\/wp\/v2\/pages\/693","targetHints":{"allow":["GET"]}}],"collection":[{"href":"https:\/\/www.moneo.com\/index.php?rest_route=\/wp\/v2\/pages"}],"about":[{"href":"https:\/\/www.moneo.com\/index.php?rest_route=\/wp\/v2\/types\/page"}],"author":[{"embeddable":true,"href":"https:\/\/www.moneo.com\/index.php?rest_route=\/wp\/v2\/users\/1"}],"replies":[{"embeddable":true,"href":"https:\/\/www.moneo.com\/index.php?rest_route=%2Fwp%2Fv2%2Fcomments&post=693"}],"version-history":[{"count":44,"href":"https:\/\/www.moneo.com\/index.php?rest_route=\/wp\/v2\/pages\/693\/revisions"}],"predecessor-version":[{"id":37611,"href":"https:\/\/www.moneo.com\/index.php?rest_route=\/wp\/v2\/pages\/693\/revisions\/37611"}],"wp:attachment":[{"href":"https:\/\/www.moneo.com\/index.php?rest_route=%2Fwp%2Fv2%2Fmedia&parent=693"}],"curies":[{"name":"wp","href":"https:\/\/api.w.org\/{rel}","templated":true}]}}