{"id":467,"date":"2018-06-04T15:49:09","date_gmt":"2018-06-04T13:49:09","guid":{"rendered":"https:\/\/www.vnode.fr\/?page_id=467"},"modified":"2020-06-23T18:39:14","modified_gmt":"2020-06-23T16:39:14","slug":"politique-de-confidentialite","status":"publish","type":"page","link":"https:\/\/www.moneo.com\/?page_id=467","title":{"rendered":"POLITIQUE DE CONFIDENTIALIT\u00c9 DU SITE MONEO"},"content":{"rendered":"<hr \/>\n<h2><span style=\"color: #1e73be;\">ARTICLE 1\u00a0: PR\u00c9AMBULE<\/span><\/h2>\n<p>Cette politique de confidentialit\u00e9 s&rsquo;applique au site\u00a0:\u00a0<span id=\"span_id_nom_du_site\" style=\"color: #1e73be;\">MONEO<\/span>.<\/p>\n<p>La pr\u00e9sente politique de confidentialit\u00e9 a pour but d&rsquo;exposer aux utilisateurs du site\u00a0:<\/p>\n<ul>\n<li>La mani\u00e8re dont sont collect\u00e9es et trait\u00e9es leurs donn\u00e9es \u00e0 caract\u00e8re personnel. Doivent \u00eatre consid\u00e9r\u00e9es comme donn\u00e9es personnelles toutes les donn\u00e9es \u00e9tant susceptibles d&rsquo;identifier un utilisateur. Il s&rsquo;agit notamment du pr\u00e9nom et du nom, de l&rsquo;\u00e2ge, de l&rsquo;adresse postale, l&rsquo;adresse mail, la localisation de l&rsquo;utilisateur ou encore son adresse IP\u00a0;<\/li>\n<\/ul>\n<ul>\n<li>Quels sont les droits des utilisateurs concernant ces donn\u00e9es\u00a0;<\/li>\n<\/ul>\n<ul>\n<li>Qui est responsable du traitement des donn\u00e9es \u00e0 caract\u00e8re personnel collect\u00e9es et trait\u00e9es\u00a0;<\/li>\n<\/ul>\n<ul>\n<li>A qui ces donn\u00e9es sont transmises\u00a0;<\/li>\n<\/ul>\n<ul>\n<li>Eventuellement, la politique du site en mati\u00e8re de fichiers \u00ab\u00a0cookies\u00a0\u00bb.<\/li>\n<\/ul>\n<p>Cette politique de confidentialit\u00e9 compl\u00e8te les mentions l\u00e9gales et les Conditions G\u00e9n\u00e9rales d&rsquo;Utilisation que les utilisateurs peuvent consulter aux adresses ci-apr\u00e8s :<\/p>\n<ul>\n<li><span style=\"color: #1e73be;\"><a style=\"color: #1e73be;\" href=\"\/?page_id=693\"><span id=\"span_id_url_cgu\">Mentions L\u00e9gales du site MONEO<\/span><\/a><\/span><\/li>\n<li><span style=\"color: #1e73be;\"><a style=\"color: #1e73be;\" href=\"\/?page_id=693\"><span id=\"span_id_url_cgu\">Conditions G\u00e9n\u00e9rales d&rsquo;Utilisation de la carte MONEO (CGU MONEO)<\/span><\/a><\/span><\/li>\n<\/ul>\n<h2><span style=\"color: #1e73be;\">ARTICLE 2\u00a0: PRINCIPES G\u00c9N\u00c9RAUX EN MATI\u00c8RE DE COLLECTE ET DE TRAITEMENT DE DONN\u00c9ES<\/span><\/h2>\n<p>Conform\u00e9ment aux dispositions de l&rsquo;article 5 du R\u00e8glement europ\u00e9en 2016\/679, la collecte et le traitement des donn\u00e9es des utilisateurs du site respectent les principes suivants\u00a0:<\/p>\n<ul>\n<li>Lic\u00e9it\u00e9, loyaut\u00e9 et transparence\u00a0: les donn\u00e9es ne peuvent \u00eatre collect\u00e9es et trait\u00e9es qu&rsquo;avec le consentement de l&rsquo;utilisateur propri\u00e9taire des donn\u00e9es. A chaque fois que des donn\u00e9es \u00e0 caract\u00e8re personnel seront collect\u00e9es, il sera indiqu\u00e9 \u00e0 l&rsquo;utilisateur que ses donn\u00e9es sont collect\u00e9es, et pour quelles raisons ses donn\u00e9es sont collect\u00e9es\u00a0;<\/li>\n<\/ul>\n<ul>\n<li>Finalit\u00e9s limit\u00e9es\u00a0: la collecte et le traitement des donn\u00e9es sont ex\u00e9cut\u00e9s pour r\u00e9pondre \u00e0 un ou plusieurs objectifs d\u00e9termin\u00e9s dans les pr\u00e9sentes conditions g\u00e9n\u00e9rales d&rsquo;utilisation\u00a0;<\/li>\n<\/ul>\n<ul>\n<li>Minimisation de la collecte et du traitement des donn\u00e9es\u00a0: seules les donn\u00e9es n\u00e9cessaires \u00e0 la bonne ex\u00e9cution des objectifs poursuivis par le site sont collect\u00e9es\u00a0;<\/li>\n<\/ul>\n<ul>\n<li>Conservation des donn\u00e9es r\u00e9duites dans le temps\u00a0: les donn\u00e9es sont conserv\u00e9es pour une dur\u00e9e limit\u00e9e, dont l&rsquo;utilisateur est inform\u00e9. Lorsque cette information ne peut pas \u00eatre communiqu\u00e9e, l&rsquo;utilisateur est inform\u00e9 des crit\u00e8res utilis\u00e9s pour d\u00e9terminer la dur\u00e9e de conservation\u00a0;<\/li>\n<\/ul>\n<ul>\n<li>Int\u00e9grit\u00e9 et confidentialit\u00e9 des donn\u00e9es collect\u00e9es et trait\u00e9es\u00a0: le responsable du traitement des donn\u00e9es s&rsquo;engage \u00e0 garantir l&rsquo;int\u00e9grit\u00e9 et la confidentialit\u00e9 des donn\u00e9es collect\u00e9es.<\/li>\n<\/ul>\n<p>Afin d&rsquo;\u00eatre licites, et ce conform\u00e9ment aux exigences de l&rsquo;article 6 du r\u00e8glement europ\u00e9en 2016\/679, la collecte et le traitement des donn\u00e9es \u00e0 caract\u00e8re personnel ne pourront intervenir que s&rsquo;ils respectent au moins l&rsquo;une des conditions ci-apr\u00e8s \u00e9num\u00e9r\u00e9es\u00a0:<\/p>\n<ul>\n<li>L&rsquo;utilisateur a express\u00e9ment consenti au traitement\u00a0;<\/li>\n<\/ul>\n<ul>\n<li>Le traitement est n\u00e9cessaire \u00e0 la bonne ex\u00e9cution d&rsquo;un contrat\u00a0;<\/li>\n<\/ul>\n<ul>\n<li>Le traitement r\u00e9pond \u00e0 une obligation l\u00e9gale\u00a0;<\/li>\n<\/ul>\n<ul>\n<li>Le traitement s&rsquo;explique par une n\u00e9cessit\u00e9 li\u00e9e \u00e0 la sauvegarde des int\u00e9r\u00eats vitaux de la personne concern\u00e9e ou d&rsquo;une autre personne physique\u00a0;<\/li>\n<\/ul>\n<ul>\n<li>Le traitement peut s&rsquo;expliquer par une n\u00e9cessit\u00e9 li\u00e9e \u00e0 l&rsquo;ex\u00e9cution d&rsquo;une mission d&rsquo;int\u00e9r\u00eat public ou qui rel\u00e8ve de l&rsquo;exercice de l&rsquo;autorit\u00e9 publique\u00a0;<\/li>\n<\/ul>\n<ul>\n<li>Le traitement et la collecte des donn\u00e9es \u00e0 caract\u00e8re personnel sont n\u00e9cessaires aux fins des int\u00e9r\u00eats l\u00e9gitimes et priv\u00e9s poursuivis par le responsable du traitement ou par un tiers.<\/li>\n<\/ul>\n<h2><span style=\"color: #1e73be;\">ARTICLE 3\u00a0: DONN\u00c9ES \u00c0 CARACT\u00c8RE PERSONNEL COLLECT\u00c9ES ET TRAIT\u00c9ES DANS LE CADRE DE LA NAVIGATION SUR LE SITE<\/span><\/h2>\n<h3><span style=\"color: #1e73be;\">A.\u00a0DONN\u00c9ES COLLECT\u00c9ES ET TRAIT\u00c9ES ET MODE DE COLLECTE<\/span><\/h3>\n<p>Les donn\u00e9es \u00e0 caract\u00e8re personnel collect\u00e9es sur le site\u00a0<span id=\"span_id_nom_du_site_internet\">MONEO<\/span>\u00a0sont les suivantes\u00a0:<\/p>\n<p><span id=\"span_id_liste_donnees_collectees\">&#8211; Pour le formulaire de contact\u00a0:<br \/>\n* Nom et Pr\u00e9nom(s);<br \/>\n* Adresse email;<br \/>\n* Num\u00e9ro de t\u00e9l\u00e9phone;<br \/>\n* L&rsquo;objet et le corp du message pouvant contenir des informations sensibles;<br \/>\n&#8211; Pour le formulaire de demande de remboursement du PME MONEO\u00a0:<br \/>\n* Nom et Pr\u00e9nom(s) et adresse compl\u00e8te du demandeur;<br \/>\n* Num\u00e9ro de carte MONEO et sa date d&rsquo;expiration;<br \/>\n* Coordonn\u00e9es bancaires du demandeur.<\/span><\/p>\n<p>Ces donn\u00e9es sont collect\u00e9es lorsque l&rsquo;utilisateur effectue l&rsquo;une des op\u00e9rations suivantes sur le site\u00a0:<\/p>\n<p><span id=\"span_id_operations_collectes_donnees\">Lorsque l&rsquo;utilisateur fait une demande de remboursement de sa carte MONEO;<br \/>\nLorsque l&rsquo;utilisateur utilise le formulaire de contact du site.<\/span><\/p>\n<p>Le responsable du traitement conservera dans ses syst\u00e8mes informatiques du site et dans des conditions raisonnables de s\u00e9curit\u00e9 l&rsquo;ensemble des donn\u00e9es collect\u00e9es pour une dur\u00e9e de\u00a0:\u00a0<span id=\"span_id_duree_conservation_donnees\">10 ans pour le formulaire de remboursement de la carte MONEO.<\/span><\/p>\n<p>La collecte et le traitement des donn\u00e9es r\u00e9pondent aux finalit\u00e9s suivantes\u00a0:<\/p>\n<p><span id=\"span_id_finalite_traitement_donnees\">La dur\u00e9e de conservation des donn\u00e9es collect\u00e9es dans le cadre du formulaire de remboursement de la carte MONEO est soumise \u00e0 la r\u00e8glementation bancaire.<\/span><\/p>\n<h3><span style=\"color: #1e73be;\">B.\u00a0TRANSMISSION DES DONN\u00c9ES A DES TIERS<\/span><\/h3>\n<p>Les donn\u00e9es \u00e0 caract\u00e8re personnel collect\u00e9es par le site ne sont transmises \u00e0 aucun tiers, et ne sont trait\u00e9es que par l&rsquo;\u00e9diteur du site.<\/p>\n<h3><span style=\"color: #1e73be;\">C.\u00a0H\u00c9BERGEMENT DES DONN\u00c9ES<\/span><\/h3>\n<p>Le site\u00a0<span id=\"span_id_nom_du_site_internet\">MONEO<\/span>\u00a0est h\u00e9berg\u00e9 par\u00a0:\u00a0<span style=\"color: #1e73be;\"><a style=\"color: #1e73be;\" href=\"https:\/\/www.vnode.fr\"><span id=\"span_id_denomination_sociale_de_l_hebergeur\">VNODE<\/span><\/a><\/span>, dont le si\u00e8ge est situ\u00e9 \u00e0 l&rsquo;adresse ci-apr\u00e8s\u00a0:<\/p>\n<p><span id=\"span_id_siege_social_de_l_hebergeur\">61 rue des Alouettes, 92000 NANTERRE<\/span><\/p>\n<p>Les donn\u00e9es collect\u00e9es et trait\u00e9es par le site sont exclusivement h\u00e9berg\u00e9es et trait\u00e9es en France.<\/p>\n<h2><span style=\"color: #1e73be;\">ARTICLE 4\u00a0: RESPONSABLE DU TRAITEMENT DES DONN\u00c9ES\u00a0ET D\u00c9L\u00c9GU\u00c9 \u00c0 LA PROTECTION DES DONN\u00c9ES<\/span><\/h2>\n<h3><span style=\"color: #1e73be;\">A.\u00a0LE RESPONSABLE DU TRAITEMENT DES DONN\u00c9ES<\/span><\/h3>\n<p>Le responsable du traitement des donn\u00e9es \u00e0 caract\u00e8re personnel est\u00a0:\u00a0<span id=\"span_id_prenom_nom_responsable\">Moneo Payment Solutions<\/span>. Il peut \u00eatre contact\u00e9 de la mani\u00e8re suivante\u00a0:<\/p>\n<p><span id=\"span_id_methode_contact_rtd\">Par courrier \u00e0 l&rsquo;adresse\u00a0:<br \/>\nMoneo Payment Solutions<br \/>\nA l\u2019attention du DPO<br \/>\n32 rue Brancion,<br \/>\n75015 Paris.<\/span><\/p>\n<p>Le responsable du traitement des donn\u00e9es est charg\u00e9 de d\u00e9terminer les finalit\u00e9s et les moyens mis au service du traitement des donn\u00e9es \u00e0 caract\u00e8re personnel.<\/p>\n<h3><span style=\"color: #1e73be;\">B.\u00a0OBLIGATIONS DU RESPONSABLE DU TRAITEMENT DES DONN\u00c9ES<\/span><\/h3>\n<p>Le responsable du traitement s&rsquo;engage \u00e0 prot\u00e9ger les donn\u00e9es \u00e0 caract\u00e8re personnel collect\u00e9es, \u00e0 ne pas les transmettre \u00e0 des tiers sans que l&rsquo;utilisateur n&rsquo;en ait \u00e9t\u00e9 inform\u00e9 et \u00e0 respecter les finalit\u00e9s pour lesquelles ces donn\u00e9es ont \u00e9t\u00e9 collect\u00e9es.<\/p>\n<p>Le site dispose d&rsquo;un certificat SSL afin de garantir que les informations et le transfert des donn\u00e9es transitant par le site sont s\u00e9curis\u00e9s.<\/p>\n<p>Un certificat SSL (\u00ab\u00a0Secure Socket Layer\u00a0\u00bb Certificate) a pour but de s\u00e9curiser les donn\u00e9es \u00e9chang\u00e9es entre l&rsquo;utilisateur et le site.<\/p>\n<p>De plus, le responsable du traitement des donn\u00e9es s&rsquo;engage \u00e0 notifier l&rsquo;utilisateur en cas de rectification ou de suppression des donn\u00e9es, \u00e0 moins que cela n&rsquo;entra\u00eene pour lui des formalit\u00e9s, co\u00fbts et d\u00e9marches disproportionn\u00e9s.<\/p>\n<p>Dans le cas o\u00f9 l&rsquo;int\u00e9grit\u00e9, la confidentialit\u00e9 ou la s\u00e9curit\u00e9 des donn\u00e9es \u00e0 caract\u00e8re personnel de l&rsquo;utilisateur est compromise, le responsable du traitement s&rsquo;engage \u00e0 informer l&rsquo;utilisateur par tout moyen.<\/p>\n<h3><span style=\"color: #1e73be;\">C.\u00a0LE D\u00c9L\u00c9GU\u00c9 \u00c0 LA PROTECTION DES DONN\u00c9ES<\/span><\/h3>\n<p>Par ailleurs, l&rsquo;utilisateur est inform\u00e9 que la personne suivante a \u00e9t\u00e9 nomm\u00e9e D\u00e9l\u00e9gu\u00e9 \u00e0 la Protection des Donn\u00e9es\u00a0:\u00a0<span id=\"span_id_nom_delegue_protection_donnees\">Moneo Payment Solutions<\/span>.<\/p>\n<p>Le r\u00f4le du D\u00e9l\u00e9gu\u00e9 \u00e0 la Protection des Donn\u00e9es et de s&rsquo;assurer la bonne mise en \u0153uvre des dispositions nationales et supranationales relatives \u00e0 la collecte et au traitement des donn\u00e9es \u00e0 caract\u00e8re personnel. Il peut \u00e9galement \u00eatre nomm\u00e9 DPO (pour Data Protection Officer).<\/p>\n<p>Le d\u00e9l\u00e9gu\u00e9 \u00e0 la protection des donn\u00e9es peut \u00eatre joint de la mani\u00e8re suivante\u00a0:<\/p>\n<p><span id=\"span_id_coordonnees_dpo\">Moneo Payment Solutions<br \/>\nA l\u2019attention du DPO<br \/>\n32 rue Brancion<br \/>\n75015 Paris.<\/span><\/p>\n<h2><span style=\"color: #1e73be;\">ARTICLE 5\u00a0: DROITS DE L&rsquo;UTILISATEUR<\/span><\/h2>\n<p>Conform\u00e9ment \u00e0 la r\u00e9glementation concernant le traitement des donn\u00e9es \u00e0 caract\u00e8re personnel, l&rsquo;utilisateur poss\u00e8de les droits ci-apr\u00e8s \u00e9num\u00e9r\u00e9s.<\/p>\n<p>Afin que le responsable du traitement des donn\u00e9es fasse droit \u00e0 sa demande, l&rsquo;utilisateur est tenu de lui communiquer\u00a0: ses pr\u00e9nom et nom ainsi que son adresse e-mail.<\/p>\n<p>Le responsable du traitement des donn\u00e9es est tenu de r\u00e9pondre \u00e0 l&rsquo;utilisateur dans un d\u00e9lai de 30 (trente) jours maximum.<\/p>\n<h3><span style=\"color: #1e73be;\">A.\u00a0PR\u00c9SENTATION DES DROITS DE L&rsquo;UTILISATEUR EN MATI\u00c8RE DE COLLECTE ET TRAITEMENT DE DONN\u00c9ES<\/span><\/h3>\n<h4><span style=\"color: #1e73be;\"><em>a. Droit d&rsquo;acc\u00e8s, de rectification et droit \u00e0 l&rsquo;effacement<\/em><\/span><\/h4>\n<p>L&rsquo;utilisateur peut prendre connaissance, mettre \u00e0 jour, modifier ou demander la suppression des donn\u00e9es le concernant, en respectant la proc\u00e9dure ci-apr\u00e8s \u00e9nonc\u00e9e\u00a0:<\/p>\n<p><span id=\"span_id_procedure_acces_donnees\">L&rsquo;utilisateur peut envoyer un courrier au DPO en mentionnant son nom, son pr\u00e9nom, son adresse et son num\u00e9ro de t\u00e9l\u00e9phone ou utiliser le formulaire de contact en ligne.<\/span><\/p>\n<h4><span style=\"color: #1e73be;\"><em>b. Droit \u00e0 la portabilit\u00e9 des donn\u00e9es<\/em><\/span><\/h4>\n<p>L&rsquo;utilisateur a le droit de demander la portabilit\u00e9 de ses donn\u00e9es personnelles, d\u00e9tenues par le site, vers un autre site, en se conformant \u00e0 la proc\u00e9dure ci-apr\u00e8s\u00a0:<\/p>\n<p><span id=\"span_id_procedure_portabilite_donnees_personnelles\">L&rsquo;utilisateur doit faire une demande \u00e9crite de portabilit\u00e9 de ses informations personnelles aupr\u00e8s du DPO \u00e0 l&rsquo;adresse pr\u00e9vue ci-dessus ou par le formulaire en ligne en pr\u00e9cisant l&rsquo;objet du message.<\/span><\/p>\n<h4><span style=\"color: #1e73be;\"><em>c. Droit \u00e0 la limitation et \u00e0 l&rsquo;opposition du traitement des donn\u00e9es<\/em><\/span><\/h4>\n<p>L&rsquo;utilisateur a le droit de demander la limitation ou de s&rsquo;opposer au traitement de ses donn\u00e9es par le site, sans que le site ne puisse refuser, sauf \u00e0 d\u00e9montrer l&rsquo;existence de motifs l\u00e9gitimes et imp\u00e9rieux, pouvant pr\u00e9valoir sur les int\u00e9r\u00eats et les droits et libert\u00e9s de l&rsquo;utilisateur.<\/p>\n<p>Afin de demander la limitation du traitement de ses donn\u00e9es ou de formuler une opposition au traitement de ses donn\u00e9es, l&rsquo;utilisateur doit suivre la proc\u00e9dure suivante\u00a0:<\/p>\n<p><span id=\"span_id_procedure_limitation_traitement\">L&rsquo;utilisateur doit faire une demande \u00e9crite de limitation de traitement de ses informations personnelles aupr\u00e8s du DPO \u00e0 l&rsquo;adresse pr\u00e9vue ci-dessus ou par le formulaire en ligne en pr\u00e9cisant l&rsquo;objet du message.<\/span><\/p>\n<h4><span style=\"color: #1e73be;\"><em>d. Droit de ne pas faire l&rsquo;objet d&rsquo;une d\u00e9cision fond\u00e9e exclusivement sur un proc\u00e9d\u00e9 automatis\u00e9<\/em><\/span><\/h4>\n<p>Conform\u00e9ment aux dispositions du r\u00e8glement 2016\/679, l&rsquo;utilisateur a le droit de ne pas faire l&rsquo;objet d&rsquo;une d\u00e9cision fond\u00e9e exclusivement sur un proc\u00e9d\u00e9 automatis\u00e9 si la d\u00e9cision produit des effets juridiques le concernant, ou l&rsquo;affecte de mani\u00e8re significative de fa\u00e7on similaire.<\/p>\n<h4><span style=\"color: #1e73be;\"><em>e. Droit de d\u00e9terminer le sort des donn\u00e9es apr\u00e8s la mort<\/em><\/span><\/h4>\n<p>Il est rappel\u00e9 \u00e0 l&rsquo;utilisateur qu&rsquo;il peut organiser quel doit \u00eatre le devenir de ses donn\u00e9es collect\u00e9es et trait\u00e9es s&rsquo;il d\u00e9c\u00e8de, conform\u00e9ment \u00e0 la loi n\u00b02016-1321 du 7 octobre 2016.<\/p>\n<h4><span style=\"color: #1e73be;\"><em>f. Droit de saisir l&rsquo;autorit\u00e9 de contr\u00f4le comp\u00e9tente<\/em><\/span><\/h4>\n<p>Dans le cas o\u00f9 le responsable du traitement des donn\u00e9es d\u00e9cide de ne pas r\u00e9pondre \u00e0 la demande de l&rsquo;utilisateur, et que l&rsquo;utilisateur souhaite contester cette d\u00e9cision, ou, s&rsquo;il pense qu&rsquo;il est port\u00e9 atteinte \u00e0 l&rsquo;un des droits \u00e9num\u00e9r\u00e9s ci-dessus, il est en droit de saisir la CNIL (Commission Nationale de l&rsquo;Informatique et des Libert\u00e9s, https:\/\/www.cnil.fr) ou tout juge comp\u00e9tent.<\/p>\n<h3><span style=\"color: #1e73be;\">B.\u00a0DONN\u00c9ES PERSONNELLES DES PERSONNES MINEURES<\/span><\/h3>\n<p>Conform\u00e9ment aux dispositions de l&rsquo;article 8 du r\u00e8glement europ\u00e9en 2016\/679 et \u00e0 la loi Informatique et Libert\u00e9s, seuls les mineurs \u00e2g\u00e9s de 15 ans ou plus peuvent consentir au traitement de leurs donn\u00e9es personnelles.<\/p>\n<p>Si l&rsquo;utilisateur est un mineur de moins de 15 ans, l&rsquo;accord d&rsquo;un repr\u00e9sentant l\u00e9gal sera requis afin que des donn\u00e9es \u00e0 caract\u00e8re personnel puissent \u00eatre collect\u00e9es et trait\u00e9es.<\/p>\n<p>L&rsquo;\u00e9diteur du site se r\u00e9serve le droit de v\u00e9rifier par tout moyen que l&rsquo;utilisateur est \u00e2g\u00e9 de plus de 15 ans, ou qu&rsquo;il aura obtenu l&rsquo;accord d&rsquo;un repr\u00e9sentant l\u00e9gal avant de naviguer sur le site.<\/p>\n<h2><\/h2>\n<h2><span style=\"color: #1e73be;\">ARTICLE 6\u00a0: UTILISATION DES FICHIERS \u00ab\u00a0COOKIES\u00a0\u00bb<\/span><\/h2>\n<p>Le site a \u00e9ventuellement recours aux techniques de \u00ab\u00a0cookies\u00a0\u00bb.<\/p>\n<p>Un \u00ab\u00a0cookie\u00a0\u00bb est un fichier de petite taille (moins de 4 ko), stock\u00e9 par le site sur le disque dur de l&rsquo;utilisateur, contenant des informations relatives aux habitudes de navigation de l&rsquo;utilisateur.<\/p>\n<p>Ces fichiers lui permettent de traiter des statistiques et des informations sur le trafic, de faciliter la navigation et d&rsquo;am\u00e9liorer le service pour le confort de l&rsquo;utilisateur.<\/p>\n<p>Pour l&rsquo;utilisation de fichiers \u00ab\u00a0cookies\u00a0\u00bb impliquant la sauvegarde et l&rsquo;analyse de donn\u00e9es \u00e0 caract\u00e8re personnel, le consentement de l&rsquo;utilisateur est n\u00e9cessairement demand\u00e9.<\/p>\n<p>Ce consentement de l&rsquo;utilisateur est consid\u00e9r\u00e9 comme valide pour une dur\u00e9e de 13 (treize) mois maximum. A l&rsquo;issue de cette p\u00e9riode, le site demandera \u00e0 nouveau l&rsquo;autorisation de l&rsquo;utilisateur pour enregistrer des fichiers \u00ab\u00a0cookies\u00a0\u00bb sur son disque dur.<\/p>\n<h4><em><span style=\"color: #1e73be;\">a. Opposition de l&rsquo;utilisateur \u00e0 l&rsquo;utilisation de fichiers \u00ab\u00a0cookies\u00a0\u00bb par le site<\/span><\/em><\/h4>\n<p>Il est port\u00e9 \u00e0 la connaissance de l&rsquo;utilisateur qu&rsquo;il peut s&rsquo;opposer \u00e0 l&rsquo;enregistrement de ces fichiers \u00ab\u00a0cookies\u00a0\u00bb en configurant son logiciel de navigation.<\/p>\n<p>Pour information, l&rsquo;utilisateur peut trouver aux adresses suivantes les d\u00e9marches \u00e0 suivre afin de configurer son logiciel de navigation pour s&rsquo;opposer \u00e0 l&rsquo;enregistrement des fichiers \u00ab\u00a0cookies\u00a0\u00bb\u00a0:<\/p>\n<ul>\n<li><strong>Chrome<\/strong>\u00a0: https:\/\/support.google.com\/accounts\/answer\/61416?hl=fr<\/li>\n<\/ul>\n<ul>\n<li><strong>Firefox<\/strong>\u00a0: https:\/\/support.mozilla.org\/fr\/kb\/enable-and-disable-cookies-website-preferences<\/li>\n<\/ul>\n<ul>\n<li><strong>Safari<\/strong>\u00a0: http:\/\/www.apple.com\/legal\/privacy\/fr-ww\/<\/li>\n<\/ul>\n<ul>\n<li><strong>Internet Explorer<\/strong>\u00a0: https:\/\/support.microsoft.com\/fr-fr\/help\/17442\/windows-internet-explorer-delete-manage-cookies<\/li>\n<\/ul>\n<ul>\n<li><strong>Opera<\/strong>\u00a0: http:\/\/www.opera.com\/help\/tutorials\/security\/cookies\/<\/li>\n<\/ul>\n<p>Dans le cas o\u00f9 l&rsquo;utilisateur d\u00e9cide de d\u00e9sactiver les fichiers \u00ab\u00a0cookies\u00a0\u00bb, il pourra poursuivre sa navigation sur le site. Toutefois, tout dysfonctionnement du site provoqu\u00e9 par cette manipulation ne pourrait \u00eatre consid\u00e9r\u00e9 comme \u00e9tant du fait de l&rsquo;\u00e9diteur du site.<\/p>\n<h4><em><span style=\"color: #1e73be;\">b. Description des fichiers \u00ab\u00a0cookies\u00a0\u00bb utilis\u00e9s par le site<\/span><\/em><\/h4>\n<p>L&rsquo;\u00e9diteur du site attire l&rsquo;attention de l&rsquo;utilisateur sur le fait que les cookies suivants sont utilis\u00e9s lors de sa navigation\u00a0:<\/p>\n<p><span id=\"span_id_liste_cookies\">Cookies techniques n\u00e9cessaire au fonctionnement du CMS WordPress.<\/span><\/p>\n<h2><span style=\"color: #1e73be;\">ARTICLE 7\u00a0: CONDITIONS DE MODIFICATION DE LA POLITIQUE DE CONFIDENTIALIT\u00c9<\/span><\/h2>\n<p>La pr\u00e9sente politique de confidentialit\u00e9 peut \u00eatre consult\u00e9e \u00e0 tout moment \u00e0 l&rsquo;adresse ci-apr\u00e8s indiqu\u00e9e\u00a0:<\/p>\n<p><span style=\"color: #1e73be;\"><a style=\"color: #1e73be;\" href=\"https:\/\/www.moneo.com\/?page_id=467\"><span id=\"span_id_adresse_politique_confidentialite\">https:\/\/www.moneo.com\/?page_id=467<\/span><\/a><\/span><\/p>\n<p>L&rsquo;\u00e9diteur du site se r\u00e9serve le droit de la modifier afin de garantir sa conformit\u00e9 avec le droit en vigueur.<\/p>\n<p>Par cons\u00e9quent, l&rsquo;utilisateur est invit\u00e9 \u00e0 venir consulter r\u00e9guli\u00e8rement cette politique de confidentialit\u00e9 afin de se tenir inform\u00e9 des derniers changements qui lui seront apport\u00e9s.<\/p>\n<p>Il est port\u00e9 \u00e0 la connaissance de l&rsquo;utilisateur que la derni\u00e8re mise \u00e0 jour de la pr\u00e9sente politique de confidentialit\u00e9 est intervenue le\u00a0:\u00a0<span id=\"span_id_date_derniere_maj\" class=\"encours\">01\/06\/2020<\/span>.<\/p>\n","protected":false},"excerpt":{"rendered":"<p>ARTICLE 1\u00a0: PR\u00c9AMBULE Cette politique de confidentialit\u00e9 s&rsquo;applique au site\u00a0:\u00a0MONEO. La pr\u00e9sente politique de confidentialit\u00e9 a pour but d&rsquo;exposer aux utilisateurs du site\u00a0: La mani\u00e8re dont sont collect\u00e9es et trait\u00e9es leurs donn\u00e9es \u00e0 caract\u00e8re personnel. Doivent \u00eatre consid\u00e9r\u00e9es comme donn\u00e9es personnelles toutes les donn\u00e9es \u00e9tant susceptibles d&rsquo;identifier un utilisateur. Il s&rsquo;agit notamment du pr\u00e9nom et [&hellip;]<\/p>\n","protected":false},"author":1,"featured_media":0,"parent":0,"menu_order":0,"comment_status":"closed","ping_status":"closed","template":"","meta":{"footnotes":""},"class_list":["post-467","page","type-page","status-publish","hentry","post"],"_links":{"self":[{"href":"https:\/\/www.moneo.com\/index.php?rest_route=\/wp\/v2\/pages\/467","targetHints":{"allow":["GET"]}}],"collection":[{"href":"https:\/\/www.moneo.com\/index.php?rest_route=\/wp\/v2\/pages"}],"about":[{"href":"https:\/\/www.moneo.com\/index.php?rest_route=\/wp\/v2\/types\/page"}],"author":[{"embeddable":true,"href":"https:\/\/www.moneo.com\/index.php?rest_route=\/wp\/v2\/users\/1"}],"replies":[{"embeddable":true,"href":"https:\/\/www.moneo.com\/index.php?rest_route=%2Fwp%2Fv2%2Fcomments&post=467"}],"version-history":[{"count":28,"href":"https:\/\/www.moneo.com\/index.php?rest_route=\/wp\/v2\/pages\/467\/revisions"}],"predecessor-version":[{"id":817,"href":"https:\/\/www.moneo.com\/index.php?rest_route=\/wp\/v2\/pages\/467\/revisions\/817"}],"wp:attachment":[{"href":"https:\/\/www.moneo.com\/index.php?rest_route=%2Fwp%2Fv2%2Fmedia&parent=467"}],"curies":[{"name":"wp","href":"https:\/\/api.w.org\/{rel}","templated":true}]}}