{"id":32,"date":"2016-11-09T14:24:36","date_gmt":"2016-11-09T13:24:36","guid":{"rendered":"http:\/\/192.168.251.20\/page-daccueil\/"},"modified":"2022-08-16T11:59:36","modified_gmt":"2022-08-16T09:59:36","slug":"page-daccueil","status":"publish","type":"page","link":"https:\/\/www.moneo.com\/","title":{"rendered":"ACCUEIL"},"content":{"rendered":"<div id=\"pl-32\"  class=\"panel-layout\" ><div id=\"pg-32-0\"  class=\"panel-grid panel-no-style\" ><div id=\"pgc-32-0-0\"  class=\"panel-grid-cell\" ><div id=\"panel-32-0-0-0\" class=\"so-panel widget widget_sow-editor panel-first-child panel-last-child\" data-index=\"0\" ><div class=\"panel-widget-style panel-widget-style-for-32-0-0-0\" ><div\n\t\t\t\n\t\t\tclass=\"so-widget-sow-editor so-widget-sow-editor-base\"\n\t\t\t\n\t\t>\n<div class=\"siteorigin-widget-tinymce textwidget\">\n\t<h1 style=\"text-align: center;\">Lors de l\u2019arr\u00eat de la commercialisation du porte-monnaie \u00e9lectronique MONEO en juillet 2015, \u00a0le service de remboursement MONEO a \u00e9t\u00e9 maintenu jusqu'au 16 ao\u00fbt 2022.<\/h1>\n<h1 style=\"text-align: center;\">Ce service est maintenant arr\u00eat\u00e9 d\u00e9finitivement.<\/h1>\n<p>&nbsp;<\/p>\n<\/div>\n<\/div><\/div><\/div><\/div><\/div><\/div>","protected":false},"excerpt":{"rendered":"<p>Lors de l\u2019arr\u00eat de la commercialisation du porte-monnaie \u00e9lectronique MONEO en juillet 2015, \u00a0le service de remboursement MONEO a \u00e9t\u00e9 maintenu jusqu&rsquo;au 16 ao\u00fbt 2022. Ce service est maintenant arr\u00eat\u00e9 d\u00e9finitivement. &nbsp;<\/p>\n","protected":false},"author":1,"featured_media":0,"parent":0,"menu_order":0,"comment_status":"closed","ping_status":"closed","template":"home-panels.php","meta":{"footnotes":""},"class_list":["post-32","page","type-page","status-publish","hentry","post"],"_links":{"self":[{"href":"https:\/\/www.moneo.com\/index.php?rest_route=\/wp\/v2\/pages\/32","targetHints":{"allow":["GET"]}}],"collection":[{"href":"https:\/\/www.moneo.com\/index.php?rest_route=\/wp\/v2\/pages"}],"about":[{"href":"https:\/\/www.moneo.com\/index.php?rest_route=\/wp\/v2\/types\/page"}],"author":[{"embeddable":true,"href":"https:\/\/www.moneo.com\/index.php?rest_route=\/wp\/v2\/users\/1"}],"replies":[{"embeddable":true,"href":"https:\/\/www.moneo.com\/index.php?rest_route=%2Fwp%2Fv2%2Fcomments&post=32"}],"version-history":[{"count":152,"href":"https:\/\/www.moneo.com\/index.php?rest_route=\/wp\/v2\/pages\/32\/revisions"}],"predecessor-version":[{"id":37638,"href":"https:\/\/www.moneo.com\/index.php?rest_route=\/wp\/v2\/pages\/32\/revisions\/37638"}],"wp:attachment":[{"href":"https:\/\/www.moneo.com\/index.php?rest_route=%2Fwp%2Fv2%2Fmedia&parent=32"}],"curies":[{"name":"wp","href":"https:\/\/api.w.org\/{rel}","templated":true}]}}